{"id":4627,"date":"2024-10-10T16:40:03","date_gmt":"2024-10-10T14:40:03","guid":{"rendered":"https:\/\/envasadostorner.com\/politica-de-privacidad\/"},"modified":"2025-12-10T17:15:27","modified_gmt":"2025-12-10T16:15:27","slug":"politica-de-privacidad","status":"publish","type":"page","link":"https:\/\/envasadostorner.com\/en\/politica-de-privacidad\/","title":{"rendered":"Privacy Policy"},"content":{"rendered":"<div class=\"fusion-fullwidth fullwidth-box fusion-builder-row-1 fusion-flex-container has-pattern-background has-mask-background nonhundred-percent-fullwidth non-hundred-percent-height-scrolling\" style=\"--awb-border-radius-top-left:0px;--awb-border-radius-top-right:0px;--awb-border-radius-bottom-right:0px;--awb-border-radius-bottom-left:0px;--awb-margin-top:60px;--awb-flex-wrap:wrap;\" ><div class=\"fusion-builder-row fusion-row fusion-flex-align-items-flex-start fusion-flex-content-wrap\" style=\"max-width:1508px;margin-left: calc(-4% \/ 2 );margin-right: calc(-4% \/ 2 );\"><div class=\"fusion-layout-column fusion_builder_column fusion-builder-column-0 fusion_builder_column_1_1 1_1 fusion-flex-column\" style=\"--awb-bg-size:cover;--awb-width-large:100%;--awb-margin-top-large:0px;--awb-spacing-right-large:1.92%;--awb-margin-bottom-large:20px;--awb-spacing-left-large:1.92%;--awb-width-medium:100%;--awb-order-medium:0;--awb-spacing-right-medium:1.92%;--awb-spacing-left-medium:1.92%;--awb-width-small:100%;--awb-order-small:0;--awb-spacing-right-small:1.92%;--awb-spacing-left-small:1.92%;\"><div class=\"fusion-column-wrapper fusion-column-has-shadow fusion-flex-justify-content-flex-start fusion-content-layout-column\"><div class=\"fusion-text fusion-text-1\"><p>\u201cEnvasados Torner\u201d se encuentra profundamente comprometido con el cumplimiento de la normativa espa\u00f1ola y europea de protecci\u00f3n de datos de car\u00e1cter personal, y garantiza el cumplimiento \u00edntegro de las obligaciones dispuestas, as\u00ed como la implementaci\u00f3n de las medidas de seguridad dispuestas en el Reglamento General de Protecci\u00f3n de Datos (RGPD) (UE) 2016\/679, de 27 de abril, y en la Ley Org\u00e1nica 3\/2018, de 5 de diciembre, de Protecci\u00f3n de Datos Personales y garant\u00eda de los derechos digitales (LOPD y GDD, en adelante LOPD).<\/p>\n<p>De conformidad con estas normativas, informamos que la utilizaci\u00f3n de nuestra web puede requerir que se faciliten ciertos datos personales a trav\u00e9s de formularios de contacto, o mediante el env\u00edo de emails, y que \u00e9stos ser\u00e1n objeto de tratamiento por \u201cEnvasados Torner\u201d, Responsable del tratamiento, cuyos datos son:s datos personales a trav\u00e9s de formularios de contacto, o mediante el env\u00edo de emails, y que \u00e9stos ser\u00e1n objeto de tratamiento por \u201cEnvasados Torner\u201d, Responsable del tratamiento, cuyos datos son:<\/p>\n<p>\u2022 Denominaci\u00f3n Social: ENVASADOS TORNER, S.A.<br \/>\n\u2022 CIF \/ NIF \/ NIE: A08999518<br \/>\n\u2022 Domicilio Social: C\/ Cobalto, 40 \u2013 08940 &#8211; Cornell\u00e0 de Llobregat (Barcelona)<br \/>\n\u2022 Tel\u00e9fono: 934801690<br \/>\n\u2022 eMail: <a href=\"mailto:info@envasadostorner.com\">info@envasadostorner.com<\/a><\/p>\n<p><strong>Obtenci\u00f3n y Tratamiento de Datos Personales<\/strong><br \/>\nUn dato personal es cualquier informaci\u00f3n relativa a una persona: nombre, email, domicilio, tel\u00e9fono, NIF\/NIE&#8230; Adicionalmente, cuando un Usuario visita nuestro sitio web, determinada informaci\u00f3n se almacena autom\u00e1ticamente por motivos t\u00e9cnicos, como la direcci\u00f3n IP asignada por su proveedor de acceso a Internet.<\/p>\n<p>\u201cEnvasados Torner\u201d, como Responsable del Tratamiento, tiene el deber de informar a los Usuarios de su sitio web acerca de la recogida de datos de car\u00e1cter personal que pueden llevarse a cabo, bien sea mediante el env\u00edo de correo electr\u00f3nico o al cumplimentar los formularios incluidos en el sitio web.<\/p>\n<p>Se obtendr\u00e1n \u00fanicamente los datos precisos para poder realizar el servicio contratado, o para poder responder adecuadamente a la petici\u00f3n de informaci\u00f3n realizada por el Usuario. Los datos recabados son identificativos y corresponden a un m\u00ednimo razonable para poder llevar a t\u00e9rmino la actividad realizada. En particular, no se recogen datos especialmente protegidos en ning\u00fan momento. En ning\u00fan caso se realizar\u00e1 un uso diferente de los datos que la finalidad para los que han sido recabados.<\/p>\n<p><strong>Formularios de contacto\/email<\/strong><br \/>\nFinalidad: Dar contestaci\u00f3n a su solicitud de informaci\u00f3n realizada a trav\u00e9s de nuestro\/s formulario\/s de contacto.<br \/>\nLegitimaci\u00f3n: La base jur\u00eddica que legitima este tratamiento es el consentimiento del Usuario, que podr\u00e1 revocar en cualquier momento.<br \/>\nCesi\u00f3n de datos: Los datos personales ser\u00e1n tratados a trav\u00e9s de servidores gestionados por <a href=\"https:\/\/qualitystudio.es\">Gonvar Quality<\/a>, que tendr\u00e1 la consideraci\u00f3n de Encargado del Tratamiento.<\/p>\n<p><strong>Menores de edad<\/strong><br \/>\nSolo podr\u00e1n aportar datos personales en este sitio web las personas mayores de 14 a\u00f1os. Seg\u00fan obliga la LOPD y GDD, en caso de menores de 14 a\u00f1os, ser\u00e1 condici\u00f3n obligatoria el consentimiento de sus padres o tutores para que podamos tratar sus datos personales.<\/p>\n<p>Por otra parte, solo podr\u00e1n contratar nuestros servicios las personas mayores de 18 a\u00f1os. En caso de menores de 18 a\u00f1os, ser\u00e1 condici\u00f3n obligatoria el consentimiento de sus padres o tutores legales para que podamos prestar los servicios ofertados, salvo que el menor est\u00e9 emancipado.<\/p>\n<p><strong>Medidas de Seguridad<\/strong><br \/>\nSe informa a los Usuarios de la web de \u201cEnvasados Torner\u201d de que se han adoptado las medidas de seguridad, t\u00e9cnicas y organizativas a nuestro alcance para evitar la p\u00e9rdida, mal uso, alteraci\u00f3n, acceso no autorizado y robo de los datos, y que garantizan as\u00ed la confidencialidad, integridad y calidad de la informaci\u00f3n contenida en las mismas, de acuerdo con lo establecido en la normativa vigente en materia de protecci\u00f3n de datos. Los datos personales que se recogen en los formularios son objeto de tratamiento, \u00fanicamente, por parte del personal de \u201cEnvasados Torner\u201d o de los Encargados del Tratamiento designados.<\/p>\n<p>El Sitio Web de \u201cEnvasados Torner\u201d cuenta adem\u00e1s con un cifrado SSL, que permite al Usuario el env\u00edo seguro de sus datos personales a trav\u00e9s de los formularios de contacto o registro del sitio web.<\/p>\n<p><strong>Veracidad de los datos<\/strong><br \/>\nEl Usuario manifiesta que todos los datos facilitados por \u00e9l son ciertos y correctos y se compromete a mantenerlos actualizados. El Usuario responder\u00e1 de la veracidad de sus datos y ser\u00e1 el \u00fanico responsable de cuantos conflictos o litigios pudieran resultar por la falsedad de los mismos. Es importante que, para que podamos mantener los datos personales actualizados, el Usuario informe a \u201cEnvasados Torner\u201d siempre que haya habido alguna modificaci\u00f3n en los mismos.<\/p>\n<p><strong>Cesi\u00f3n de datos<\/strong><br \/>\n\u201cEnvasados Torner\u201d no ceder\u00e1 ni comunicar\u00e1 a ning\u00fan tercero tus datos, excepto en los casos legalmente previstos o cuando sea estrictamente necesario para la prestaci\u00f3n de un servicio. Concretamente, los datos podr\u00e1n ser cedidos a:<\/p>\n<p>    \u2022 Proveedores de servicios tecnol\u00f3gicos o inform\u00e1ticos<br \/>\n    \u2022 Proveedores de servicios de pago<br \/>\n    \u2022 Empresas de mensajer\u00eda y paqueter\u00eda<br \/>\n    \u2022 Terceros o intermediarios, en calidad de prestadores de servicios, que operen en nuestro propio nombre (gestor\u00eda, asesor\u00eda\u2026).<\/p>\n<p>Las cesiones de datos se producir\u00e1n respetando la m\u00e1s estricta confidencialidad, empleando las medidas necesarias, tales como la firma de contratos de confidencialidad, o la adhesi\u00f3n a sus pol\u00edticas de privacidad establecidas en sus respectivas p\u00e1ginas web. El Usuario podr\u00e1 negarse a la cesi\u00f3n de sus datos a los Encargados del Tratamiento, mediante petici\u00f3n escrita, por cualquiera de los medios anteriormente referenciados.<\/p>\n<p>Adem\u00e1s, en aquellos casos en que sea necesario, los datos de Clientes podr\u00e1n ser cedidos a determinados organismos, en cumplimiento de una obligaci\u00f3n legal: Agencia Tributaria Espa\u00f1ola, Inspecci\u00f3n de Trabajo, etc.<\/p>\n<p><strong>Ejercicio de Derechos del Usuario<\/strong><br \/>\nLa LOPD y el RGPD conceden a los interesados la posibilidad de ejercer una serie de derechos relacionados con el tratamiento de sus datos personales. Para ello, el Usuario deber\u00e1 dirigirse, mediante correo electr\u00f3nico a info@envasadostorner.com, o bien mediante comunicaci\u00f3n escrita a la direcci\u00f3n que aparece en nuestro Aviso Legal, identific\u00e1ndose adecuadamente. Dicha comunicaci\u00f3n deber\u00e1 reflejar la siguiente informaci\u00f3n: nombre y apellidos del Usuario, el objeto de la solicitud, el domicilio y los datos acreditativos.<\/p>\n<p>El ejercicio de derechos deber\u00e1 ser realizado por el propio Usuario. No obstante, podr\u00e1n ser ejecutados por una persona autorizada como representante legal del Usuario, aport\u00e1ndose la documentaci\u00f3n que acredite dicha representaci\u00f3n.<\/p>\n<p>El Usuario podr\u00e1 solicitar el ejercicio de los derechos siguientes:<\/p>\n<p>    \u2022 Derecho a solicitar el acceso a los datos personales, que es el derecho a obtener informaci\u00f3n sobre si sus propios datos de car\u00e1cter personal est\u00e1n siendo objeto de tratamiento, la finalidad del tratamiento que, en su caso, se est\u00e9 realizando, as\u00ed como la informaci\u00f3n disponible sobre el origen de dichos datos y las comunicaciones realizadas o previstas de los mismos.<br \/>\n    \u2022 Derecho a solicitar su rectificaci\u00f3n, en caso de que los datos personales sean incorrectos o inexactos, o supresi\u00f3n de los datos que resulten ser inadecuados o excesivos.<br \/>\n    \u2022 Derecho a solicitar la limitaci\u00f3n de su tratamiento, en cuyo caso \u00fanicamente ser\u00e1n conservados por \u201cEnvasados Torner\u201d los datos estrictamente necesarios para el ejercicio o la defensa de reclamaciones.<br \/>\n    \u2022 Derecho a oponerse al tratamiento: se refiere al derecho del interesado a que no se lleve a cabo el tratamiento de sus datos personales o se cese en el mismo en los supuestos en que no sea necesario su consentimiento para el tratamiento, que se trate de ficheros de prospecci\u00f3n comerciales o que tengan la finalidad de adoptar decisiones referidas al interesado y basadas \u00fanicamente en el tratamiento automatizado de sus datos, salvo que por motivos leg\u00edtimos o el ejercicio o la defensa de posibles reclamaciones se tengan que seguir tratando.<br \/>\n    \u2022 Derecho a la portabilidad de los datos: en caso de que quiera que sus datos sean tratados por otra empresa, \u201cEnvasados Torner\u201d le facilitar\u00e1 la portabilidad de sus datos en formato exportable.<\/p>\n<p>En el caso de que se haya otorgado el consentimiento para alguna finalidad espec\u00edfica, el Usuario tiene derecho a retirar el consentimiento en cualquier momento, sin que ello afecte a la licitud del tratamiento basado en el consentimiento previo a su retirada.<\/p>\n<p>Nos comprometemos a ejecutar todos estos derechos dentro del plazo legal m\u00e1ximo (1 mes).<\/p>\n<p>Si un Usuario considera que hay un problema con la forma en que \u201cEnvasados Torner\u201d est\u00e1 manejando sus datos, puede dirigir sus reclamaciones al Responsable de Seguridad o a la autoridad de protecci\u00f3n de datos que corresponda, siendo la Agencia Espa\u00f1ola de Protecci\u00f3n de Datos la indicada en el caso de Espa\u00f1a.<\/p>\n<p><strong>Conservaci\u00f3n de los datos<\/strong><\/p>\n<p>Los datos de car\u00e1cter personal de los Usuarios que usen el formulario de contacto o que nos env\u00eden un email solicitando informaci\u00f3n ser\u00e1n tratados durante el tiempo estrictamente necesario para atender a la solicitud de informaci\u00f3n, o hasta que se revoque el consentimiento otorgado.<\/p>\n<p>    \u2022 4 a\u00f1os: Ley sobre Infracciones y Sanciones en el Orden Social (obligaciones en materia de afiliaci\u00f3n, altas, bajas, cotizaci\u00f3n, pago de salarios\u2026); Arts. 66 y sig. Ley General Tributaria (libros de contabilidad\u2026)<br \/>\n    \u2022 5 a\u00f1os: Art. 1964 C\u00f3digo Civil (acciones personales sin plazo especial)<br \/>\n    \u2022 6 a\u00f1os: Art. 30 C\u00f3digo de Comercio (libros de contabilidad, facturas\u2026)<br \/>\n    \u2022 10 a\u00f1os: Art. 25 Ley de Prevenci\u00f3n del Blanqueo de Capitales y Financiaci\u00f3n del Terrorismo.<br \/>\n    \u2022 Sin plazo: datos desagregados y anonimizados.<\/p>\n<p>En el caso de tratamiento de datos de candidatos (C.V.), \u201cEnvasados Torner\u201d podr\u00e1 mantener almacenado su curr\u00edculo un m\u00e1ximo de dos a\u00f1os para incorporarlo a futuras convocatorias, a menos que el candidato se manifieste en contrario.<\/p>\n<p><strong>Selecci\u00f3n de personal<\/strong><br \/>\nEl aspirante que env\u00ede comunicaciones electr\u00f3nicas a \u201cEnvasados Torner\u201d, con la finalidad de acceder a los procesos de selecci\u00f3n de personal del responsable, nos autoriza a analizar los documentos que remitidos (por ejemplo, el C.V.), todo el contenido que sea directamente accesible a trav\u00e9s de buscadores de Internet (por ejemplo, Google), los perfiles que mantenga en redes sociales profesionales (por ejemplo, LinkedIn), los datos obtenidos en las pruebas de acceso y la informaci\u00f3n que revele en la entrevista de trabajo, con el objetivo de valorar su candidatura y poder, en su caso, ofrecerle un puesto de trabajo. En caso de que el candidato no sea seleccionado, \u201cEnvasados Torner\u201d podr\u00e1 mantener almacenado su C.V. durante un m\u00e1ximo de dos a\u00f1os, para incorporarlo a futuras convocatorias, a menos que el candidato manifieste lo contrario. La base jur\u00eddica que legitima este tratamiento ser\u00e1 el consentimiento del interesado, que podr\u00e1 revocar en cualquier momento.<br \/>\nConfidencialidad<\/p>\n<p><strong>Confidencialidad<\/strong><br \/>\nLa informaci\u00f3n suministrada por el Usuario tendr\u00e1, en todo caso, la consideraci\u00f3n de confidencial, sin que pueda ser utilizada para otros fines distintos a los aqu\u00ed descritos. \u201cEnvasados Torner\u201d se obliga a no divulgar ni revelar informaci\u00f3n sobre las pretensiones del Usuario, los motivos del asesoramiento solicitado o la duraci\u00f3n de su relaci\u00f3n con \u00e9ste.<\/p>\n<p><strong>Validez<\/strong><br \/>\nEsta pol\u00edtica de privacidad y de protecci\u00f3n de datos ha sido redactada con fecha del 10 de diciembre de 2025. Podr\u00e1 variar en funci\u00f3n de los cambios de normativa y jurisprudencia que se vayan produciendo, siendo responsabilidad del titular de los datos la lectura del documento actualizado, en orden a conocer sus derechos y obligaciones al respecto en cada momento.<\/p>\n<p><strong>M\u00c1S INFORMACI\u00d3N<\/strong><\/p>\n<ul>\n<li><a href=\"https:\/\/envasadostorner.com\/en\/aviso-legal-en\/\">Pol\u00edtica de privacidad<\/a><\/li>\n<li><a href=\"https:\/\/envasadostorner.com\/en\/cookies\/\">Cookies<\/a><\/li>\n<\/ul>\n<\/div><\/div><\/div><\/div><\/div>\n","protected":false},"excerpt":{"rendered":"","protected":false},"author":1,"featured_media":0,"parent":0,"menu_order":0,"comment_status":"closed","ping_status":"closed","template":"100-width.php","meta":{"footnotes":""},"class_list":["post-4627","page","type-page","status-publish","hentry"],"yoast_head":"<!-- This site is optimized with the Yoast SEO plugin v27.4 - https:\/\/yoast.com\/product\/yoast-seo-wordpress\/ -->\n<title>Torner Packaging Privacy Policy - Packaging and handling by third parties<\/title>\n<meta name=\"description\" content=\"Information on the privacy policy of a company specializing in packaging and handling for third parties. Packaging of non-food industrial products. Specialists in packaging glues, fats, and gels.\" \/>\n<meta name=\"robots\" content=\"index, follow, max-snippet:-1, max-image-preview:large, max-video-preview:-1\" \/>\n<link rel=\"canonical\" href=\"https:\/\/envasadostorner.com\/en\/politica-de-privacidad\/\" \/>\n<meta property=\"og:locale\" content=\"en_US\" \/>\n<meta property=\"og:type\" content=\"article\" \/>\n<meta property=\"og:title\" content=\"Torner Packaging Privacy Policy - Packaging and handling by third parties\" \/>\n<meta property=\"og:description\" content=\"Information on the privacy policy of a company specializing in packaging and handling for third parties. Packaging of non-food industrial products. Specialists in packaging glues, fats, and gels.\" \/>\n<meta property=\"og:url\" content=\"https:\/\/envasadostorner.com\/en\/politica-de-privacidad\/\" \/>\n<meta property=\"og:site_name\" content=\"Envasado y manipulado a terceros - Envasados Torner\" \/>\n<meta property=\"article:modified_time\" content=\"2025-12-10T16:15:27+00:00\" \/>\n<meta name=\"twitter:card\" content=\"summary_large_image\" \/>\n<meta name=\"twitter:label1\" content=\"Est. reading time\" \/>\n\t<meta name=\"twitter:data1\" content=\"9 minutes\" \/>\n<script type=\"application\/ld+json\" class=\"yoast-schema-graph\">{\"@context\":\"https:\\\/\\\/schema.org\",\"@graph\":[{\"@type\":\"WebPage\",\"@id\":\"https:\\\/\\\/envasadostorner.com\\\/en\\\/politica-de-privacidad\\\/\",\"url\":\"https:\\\/\\\/envasadostorner.com\\\/en\\\/politica-de-privacidad\\\/\",\"name\":\"Torner Packaging Privacy Policy - Packaging and handling by third parties\",\"isPartOf\":{\"@id\":\"https:\\\/\\\/envasadostorner.com\\\/en\\\/#website\"},\"datePublished\":\"2024-10-10T14:40:03+00:00\",\"dateModified\":\"2025-12-10T16:15:27+00:00\",\"description\":\"Information on the privacy policy of a company specializing in packaging and handling for third parties. Packaging of non-food industrial products. Specialists in packaging glues, fats, and gels.\",\"breadcrumb\":{\"@id\":\"https:\\\/\\\/envasadostorner.com\\\/en\\\/politica-de-privacidad\\\/#breadcrumb\"},\"inLanguage\":\"en-US\",\"potentialAction\":[{\"@type\":\"ReadAction\",\"target\":[\"https:\\\/\\\/envasadostorner.com\\\/en\\\/politica-de-privacidad\\\/\"]}]},{\"@type\":\"BreadcrumbList\",\"@id\":\"https:\\\/\\\/envasadostorner.com\\\/en\\\/politica-de-privacidad\\\/#breadcrumb\",\"itemListElement\":[{\"@type\":\"ListItem\",\"position\":1,\"name\":\"Inicio\",\"item\":\"https:\\\/\\\/envasadostorner.com\\\/en\\\/\"},{\"@type\":\"ListItem\",\"position\":2,\"name\":\"Privacy Policy\"}]},{\"@type\":\"WebSite\",\"@id\":\"https:\\\/\\\/envasadostorner.com\\\/en\\\/#website\",\"url\":\"https:\\\/\\\/envasadostorner.com\\\/en\\\/\",\"name\":\"Envasado y manipulado a terceros - Envasados Torner\",\"description\":\"\",\"potentialAction\":[{\"@type\":\"SearchAction\",\"target\":{\"@type\":\"EntryPoint\",\"urlTemplate\":\"https:\\\/\\\/envasadostorner.com\\\/en\\\/?s={search_term_string}\"},\"query-input\":{\"@type\":\"PropertyValueSpecification\",\"valueRequired\":true,\"valueName\":\"search_term_string\"}}],\"inLanguage\":\"en-US\"}]}<\/script>\n<!-- \/ Yoast SEO plugin. -->","yoast_head_json":{"title":"Torner Packaging Privacy Policy - Packaging and handling by third parties","description":"Information on the privacy policy of a company specializing in packaging and handling for third parties. Packaging of non-food industrial products. Specialists in packaging glues, fats, and gels.","robots":{"index":"index","follow":"follow","max-snippet":"max-snippet:-1","max-image-preview":"max-image-preview:large","max-video-preview":"max-video-preview:-1"},"canonical":"https:\/\/envasadostorner.com\/en\/politica-de-privacidad\/","og_locale":"en_US","og_type":"article","og_title":"Torner Packaging Privacy Policy - Packaging and handling by third parties","og_description":"Information on the privacy policy of a company specializing in packaging and handling for third parties. Packaging of non-food industrial products. Specialists in packaging glues, fats, and gels.","og_url":"https:\/\/envasadostorner.com\/en\/politica-de-privacidad\/","og_site_name":"Envasado y manipulado a terceros - Envasados Torner","article_modified_time":"2025-12-10T16:15:27+00:00","twitter_card":"summary_large_image","twitter_misc":{"Est. reading time":"9 minutes"},"schema":{"@context":"https:\/\/schema.org","@graph":[{"@type":"WebPage","@id":"https:\/\/envasadostorner.com\/en\/politica-de-privacidad\/","url":"https:\/\/envasadostorner.com\/en\/politica-de-privacidad\/","name":"Torner Packaging Privacy Policy - Packaging and handling by third parties","isPartOf":{"@id":"https:\/\/envasadostorner.com\/en\/#website"},"datePublished":"2024-10-10T14:40:03+00:00","dateModified":"2025-12-10T16:15:27+00:00","description":"Information on the privacy policy of a company specializing in packaging and handling for third parties. Packaging of non-food industrial products. Specialists in packaging glues, fats, and gels.","breadcrumb":{"@id":"https:\/\/envasadostorner.com\/en\/politica-de-privacidad\/#breadcrumb"},"inLanguage":"en-US","potentialAction":[{"@type":"ReadAction","target":["https:\/\/envasadostorner.com\/en\/politica-de-privacidad\/"]}]},{"@type":"BreadcrumbList","@id":"https:\/\/envasadostorner.com\/en\/politica-de-privacidad\/#breadcrumb","itemListElement":[{"@type":"ListItem","position":1,"name":"Inicio","item":"https:\/\/envasadostorner.com\/en\/"},{"@type":"ListItem","position":2,"name":"Privacy Policy"}]},{"@type":"WebSite","@id":"https:\/\/envasadostorner.com\/en\/#website","url":"https:\/\/envasadostorner.com\/en\/","name":"Envasado y manipulado a terceros - Envasados Torner","description":"","potentialAction":[{"@type":"SearchAction","target":{"@type":"EntryPoint","urlTemplate":"https:\/\/envasadostorner.com\/en\/?s={search_term_string}"},"query-input":{"@type":"PropertyValueSpecification","valueRequired":true,"valueName":"search_term_string"}}],"inLanguage":"en-US"}]}},"_links":{"self":[{"href":"https:\/\/envasadostorner.com\/en\/wp-json\/wp\/v2\/pages\/4627","targetHints":{"allow":["GET"]}}],"collection":[{"href":"https:\/\/envasadostorner.com\/en\/wp-json\/wp\/v2\/pages"}],"about":[{"href":"https:\/\/envasadostorner.com\/en\/wp-json\/wp\/v2\/types\/page"}],"author":[{"embeddable":true,"href":"https:\/\/envasadostorner.com\/en\/wp-json\/wp\/v2\/users\/1"}],"replies":[{"embeddable":true,"href":"https:\/\/envasadostorner.com\/en\/wp-json\/wp\/v2\/comments?post=4627"}],"version-history":[{"count":4,"href":"https:\/\/envasadostorner.com\/en\/wp-json\/wp\/v2\/pages\/4627\/revisions"}],"predecessor-version":[{"id":4837,"href":"https:\/\/envasadostorner.com\/en\/wp-json\/wp\/v2\/pages\/4627\/revisions\/4837"}],"wp:attachment":[{"href":"https:\/\/envasadostorner.com\/en\/wp-json\/wp\/v2\/media?parent=4627"}],"curies":[{"name":"wp","href":"https:\/\/api.w.org\/{rel}","templated":true}]}}