{"id":4625,"date":"2024-10-10T16:41:54","date_gmt":"2024-10-10T14:41:54","guid":{"rendered":"https:\/\/envasadostorner.com\/politica-de-calidad\/"},"modified":"2025-12-12T14:03:58","modified_gmt":"2025-12-12T13:03:58","slug":"politica-de-calidad","status":"publish","type":"page","link":"https:\/\/envasadostorner.com\/en\/politica-de-calidad\/","title":{"rendered":"Pol\u00edtica de calidad"},"content":{"rendered":"<div class=\"fusion-fullwidth fullwidth-box fusion-builder-row-1 fusion-flex-container has-pattern-background has-mask-background nonhundred-percent-fullwidth non-hundred-percent-height-scrolling\" style=\"--awb-border-radius-top-left:0px;--awb-border-radius-top-right:0px;--awb-border-radius-bottom-right:0px;--awb-border-radius-bottom-left:0px;--awb-flex-wrap:wrap;\" ><div class=\"fusion-builder-row fusion-row fusion-flex-align-items-flex-start fusion-flex-content-wrap\" style=\"max-width:1508px;margin-left: calc(-4% \/ 2 );margin-right: calc(-4% \/ 2 );\"><div class=\"fusion-layout-column fusion_builder_column fusion-builder-column-0 fusion_builder_column_1_1 1_1 fusion-flex-column\" style=\"--awb-bg-size:cover;--awb-width-large:100%;--awb-margin-top-large:0px;--awb-spacing-right-large:1.92%;--awb-margin-bottom-large:20px;--awb-spacing-left-large:1.92%;--awb-width-medium:100%;--awb-order-medium:0;--awb-spacing-right-medium:1.92%;--awb-spacing-left-medium:1.92%;--awb-width-small:100%;--awb-order-small:0;--awb-spacing-right-small:1.92%;--awb-spacing-left-small:1.92%;\"><div class=\"fusion-column-wrapper fusion-column-has-shadow fusion-flex-justify-content-flex-start fusion-content-layout-column\"><div class=\"fusion-text fusion-text-1\" style=\"--awb-content-alignment:justify;\"><p>La empresa <strong>ENVASADOS TORNER S.A<\/strong> tiene como principal mercado el del envasado y trabajamos con clientes principalmente del sector qu\u00edmico.<\/p>\n<p>La actividad que <strong>ENVASADOS TORNER<\/strong> considera conformes a la calidad exigida seg\u00fan la Norma Internacional ISO 9001:2015 es:<\/p>\n<p><strong>Envasado de productos con embalajes de bl\u00edster, bolsas, sobres, tubos de aluminio y pl\u00e1stico.<\/strong><\/p>\n<p>La declaraci\u00f3n de Pol\u00edtica recoge como l\u00edneas maestras:<\/p>\n<ul style=\"list-style-type: decimal;\">\n<li>Compromiso en cumplir los requisitos aplicables, incluidos los legales.<\/li>\n<li>A partir de l\u00edneas estrat\u00e9gicas definidas en el an\u00e1lisis de contexto realizado, se han definido los objetivos de la empresa los cuales se han difundido en todos los niveles de nuestra estructura.<\/li>\n<li>Implantar los indicadores de Calidad, as\u00ed como realizar un seguimiento del nivel de progreso de los mismos, de forma que nos permita conocer y asegurar el producto y el nivel de calidad deseado por nuestro cliente.<\/li>\n<li>Velar para que las condiciones de trabajo sean \u00f3ptimas mediante la evaluaci\u00f3n de los riesgos que pueden producirse en los procesos, eliminando en lo posible los mismos y reduciendo los evaluados.<\/li>\n<li>Desarrollar los programas de formaci\u00f3n continua tendentes a la mejor cualificaci\u00f3n de nuestros trabajadores, implicando as\u00ed a todo el personal en la consecuci\u00f3n de todos los objetivos establecidos en el presente documento.<\/li>\n<li>Compromiso para la mejora continua del sistema de gesti\u00f3n implantado en la empresa.<\/li>\n<li>Fomentar y conseguir un ambiente motivador de todos los miembros de la empresa.<\/li>\n<\/ul>\n<p>La Direcci\u00f3n hace esta pol\u00edtica accesible y la pone a disposici\u00f3n de sus clientes, todos sus empleados, proveedores y partes interesadas.<\/p>\n<p>La Pol\u00edtica se mantiene al d\u00eda mediante revisiones peri\u00f3dicas, coincidiendo con las revisiones del sistema por parte de la direcci\u00f3n, con el fin de que tenga en cuenta los cambios en las condiciones del entorno y la informaci\u00f3n recibida. En ese sentido la direcci\u00f3n proporciona y proporcionar\u00e1 todos los medios humanos, t\u00e9cnicos y econ\u00f3micos necesarios para alcanzar los objetivos y metas que se establezcan programada y peri\u00f3dicamente.<\/p>\n<p><em>La Direcci\u00f3n<\/em><br \/>\n1-1-2025<\/p>\n<\/div><\/div><\/div><\/div><\/div>\n","protected":false},"excerpt":{"rendered":"","protected":false},"author":1,"featured_media":0,"parent":0,"menu_order":0,"comment_status":"closed","ping_status":"closed","template":"100-width.php","meta":{"footnotes":""},"class_list":["post-4625","page","type-page","status-publish","hentry"],"yoast_head":"<!-- This site is optimized with the Yoast SEO plugin v27.4 - https:\/\/yoast.com\/product\/yoast-seo-wordpress\/ -->\n<title>Pol\u00edtica de calidad Envasados Torner - Envasado y manipulado a terceros<\/title>\n<meta name=\"description\" content=\"Pol\u00edtica de provacidad en la web de Envasados Torner, empresa de envasado y manipulado a terceros.\" \/>\n<meta name=\"robots\" content=\"index, follow, max-snippet:-1, max-image-preview:large, max-video-preview:-1\" \/>\n<link rel=\"canonical\" href=\"https:\/\/envasadostorner.com\/en\/politica-de-calidad\/\" \/>\n<meta property=\"og:locale\" content=\"en_US\" \/>\n<meta property=\"og:type\" content=\"article\" \/>\n<meta property=\"og:title\" content=\"Pol\u00edtica de calidad Envasados Torner - Envasado y manipulado a terceros\" \/>\n<meta property=\"og:description\" content=\"Pol\u00edtica de provacidad en la web de Envasados Torner, empresa de envasado y manipulado a terceros.\" \/>\n<meta property=\"og:url\" content=\"https:\/\/envasadostorner.com\/en\/politica-de-calidad\/\" \/>\n<meta property=\"og:site_name\" content=\"Envasado y manipulado a terceros - Envasados Torner\" \/>\n<meta property=\"article:modified_time\" content=\"2025-12-12T13:03:58+00:00\" \/>\n<meta name=\"twitter:card\" content=\"summary_large_image\" \/>\n<meta name=\"twitter:label1\" content=\"Est. reading time\" \/>\n\t<meta name=\"twitter:data1\" content=\"2 minutes\" \/>\n<script type=\"application\/ld+json\" class=\"yoast-schema-graph\">{\"@context\":\"https:\\\/\\\/schema.org\",\"@graph\":[{\"@type\":\"WebPage\",\"@id\":\"https:\\\/\\\/envasadostorner.com\\\/en\\\/politica-de-calidad\\\/\",\"url\":\"https:\\\/\\\/envasadostorner.com\\\/en\\\/politica-de-calidad\\\/\",\"name\":\"Pol\u00edtica de calidad Envasados Torner - Envasado y manipulado a terceros\",\"isPartOf\":{\"@id\":\"https:\\\/\\\/envasadostorner.com\\\/en\\\/#website\"},\"datePublished\":\"2024-10-10T14:41:54+00:00\",\"dateModified\":\"2025-12-12T13:03:58+00:00\",\"description\":\"Pol\u00edtica de provacidad en la web de Envasados Torner, empresa de envasado y manipulado a terceros.\",\"breadcrumb\":{\"@id\":\"https:\\\/\\\/envasadostorner.com\\\/en\\\/politica-de-calidad\\\/#breadcrumb\"},\"inLanguage\":\"en-US\",\"potentialAction\":[{\"@type\":\"ReadAction\",\"target\":[\"https:\\\/\\\/envasadostorner.com\\\/en\\\/politica-de-calidad\\\/\"]}]},{\"@type\":\"BreadcrumbList\",\"@id\":\"https:\\\/\\\/envasadostorner.com\\\/en\\\/politica-de-calidad\\\/#breadcrumb\",\"itemListElement\":[{\"@type\":\"ListItem\",\"position\":1,\"name\":\"Inicio\",\"item\":\"https:\\\/\\\/envasadostorner.com\\\/en\\\/\"},{\"@type\":\"ListItem\",\"position\":2,\"name\":\"Pol\u00edtica de calidad\"}]},{\"@type\":\"WebSite\",\"@id\":\"https:\\\/\\\/envasadostorner.com\\\/en\\\/#website\",\"url\":\"https:\\\/\\\/envasadostorner.com\\\/en\\\/\",\"name\":\"Envasado y manipulado a terceros - Envasados Torner\",\"description\":\"\",\"potentialAction\":[{\"@type\":\"SearchAction\",\"target\":{\"@type\":\"EntryPoint\",\"urlTemplate\":\"https:\\\/\\\/envasadostorner.com\\\/en\\\/?s={search_term_string}\"},\"query-input\":{\"@type\":\"PropertyValueSpecification\",\"valueRequired\":true,\"valueName\":\"search_term_string\"}}],\"inLanguage\":\"en-US\"}]}<\/script>\n<!-- \/ Yoast SEO plugin. -->","yoast_head_json":{"title":"Pol\u00edtica de calidad Envasados Torner - Envasado y manipulado a terceros","description":"Pol\u00edtica de provacidad en la web de Envasados Torner, empresa de envasado y manipulado a terceros.","robots":{"index":"index","follow":"follow","max-snippet":"max-snippet:-1","max-image-preview":"max-image-preview:large","max-video-preview":"max-video-preview:-1"},"canonical":"https:\/\/envasadostorner.com\/en\/politica-de-calidad\/","og_locale":"en_US","og_type":"article","og_title":"Pol\u00edtica de calidad Envasados Torner - Envasado y manipulado a terceros","og_description":"Pol\u00edtica de provacidad en la web de Envasados Torner, empresa de envasado y manipulado a terceros.","og_url":"https:\/\/envasadostorner.com\/en\/politica-de-calidad\/","og_site_name":"Envasado y manipulado a terceros - Envasados Torner","article_modified_time":"2025-12-12T13:03:58+00:00","twitter_card":"summary_large_image","twitter_misc":{"Est. reading time":"2 minutes"},"schema":{"@context":"https:\/\/schema.org","@graph":[{"@type":"WebPage","@id":"https:\/\/envasadostorner.com\/en\/politica-de-calidad\/","url":"https:\/\/envasadostorner.com\/en\/politica-de-calidad\/","name":"Pol\u00edtica de calidad Envasados Torner - Envasado y manipulado a terceros","isPartOf":{"@id":"https:\/\/envasadostorner.com\/en\/#website"},"datePublished":"2024-10-10T14:41:54+00:00","dateModified":"2025-12-12T13:03:58+00:00","description":"Pol\u00edtica de provacidad en la web de Envasados Torner, empresa de envasado y manipulado a terceros.","breadcrumb":{"@id":"https:\/\/envasadostorner.com\/en\/politica-de-calidad\/#breadcrumb"},"inLanguage":"en-US","potentialAction":[{"@type":"ReadAction","target":["https:\/\/envasadostorner.com\/en\/politica-de-calidad\/"]}]},{"@type":"BreadcrumbList","@id":"https:\/\/envasadostorner.com\/en\/politica-de-calidad\/#breadcrumb","itemListElement":[{"@type":"ListItem","position":1,"name":"Inicio","item":"https:\/\/envasadostorner.com\/en\/"},{"@type":"ListItem","position":2,"name":"Pol\u00edtica de calidad"}]},{"@type":"WebSite","@id":"https:\/\/envasadostorner.com\/en\/#website","url":"https:\/\/envasadostorner.com\/en\/","name":"Envasado y manipulado a terceros - Envasados Torner","description":"","potentialAction":[{"@type":"SearchAction","target":{"@type":"EntryPoint","urlTemplate":"https:\/\/envasadostorner.com\/en\/?s={search_term_string}"},"query-input":{"@type":"PropertyValueSpecification","valueRequired":true,"valueName":"search_term_string"}}],"inLanguage":"en-US"}]}},"_links":{"self":[{"href":"https:\/\/envasadostorner.com\/en\/wp-json\/wp\/v2\/pages\/4625","targetHints":{"allow":["GET"]}}],"collection":[{"href":"https:\/\/envasadostorner.com\/en\/wp-json\/wp\/v2\/pages"}],"about":[{"href":"https:\/\/envasadostorner.com\/en\/wp-json\/wp\/v2\/types\/page"}],"author":[{"embeddable":true,"href":"https:\/\/envasadostorner.com\/en\/wp-json\/wp\/v2\/users\/1"}],"replies":[{"embeddable":true,"href":"https:\/\/envasadostorner.com\/en\/wp-json\/wp\/v2\/comments?post=4625"}],"version-history":[{"count":2,"href":"https:\/\/envasadostorner.com\/en\/wp-json\/wp\/v2\/pages\/4625\/revisions"}],"predecessor-version":[{"id":4864,"href":"https:\/\/envasadostorner.com\/en\/wp-json\/wp\/v2\/pages\/4625\/revisions\/4864"}],"wp:attachment":[{"href":"https:\/\/envasadostorner.com\/en\/wp-json\/wp\/v2\/media?parent=4625"}],"curies":[{"name":"wp","href":"https:\/\/api.w.org\/{rel}","templated":true}]}}