{"id":2709,"date":"2024-10-10T16:35:40","date_gmt":"2024-10-10T14:35:40","guid":{"rendered":"https:\/\/envasadostorner.com\/?page_id=2709"},"modified":"2025-12-10T17:03:48","modified_gmt":"2025-12-10T16:03:48","slug":"aviso-legal-en","status":"publish","type":"page","link":"https:\/\/envasadostorner.com\/en\/aviso-legal-en\/","title":{"rendered":"Legal notice"},"content":{"rendered":"<div class=\"fusion-fullwidth fullwidth-box fusion-builder-row-1 fusion-flex-container has-pattern-background has-mask-background nonhundred-percent-fullwidth non-hundred-percent-height-scrolling\" style=\"--awb-border-radius-top-left:0px;--awb-border-radius-top-right:0px;--awb-border-radius-bottom-right:0px;--awb-border-radius-bottom-left:0px;--awb-margin-top:60px;--awb-flex-wrap:wrap;\" ><div class=\"fusion-builder-row fusion-row fusion-flex-align-items-flex-start fusion-flex-content-wrap\" style=\"max-width:1508px;margin-left: calc(-4% \/ 2 );margin-right: calc(-4% \/ 2 );\"><div class=\"fusion-layout-column fusion_builder_column fusion-builder-column-0 fusion_builder_column_1_1 1_1 fusion-flex-column\" style=\"--awb-bg-size:cover;--awb-width-large:100%;--awb-margin-top-large:0px;--awb-spacing-right-large:1.92%;--awb-margin-bottom-large:20px;--awb-spacing-left-large:1.92%;--awb-width-medium:100%;--awb-order-medium:0;--awb-spacing-right-medium:1.92%;--awb-spacing-left-medium:1.92%;--awb-width-small:100%;--awb-order-small:0;--awb-spacing-right-small:1.92%;--awb-spacing-left-small:1.92%;\"><div class=\"fusion-column-wrapper fusion-column-has-shadow fusion-flex-justify-content-flex-start fusion-content-layout-column\"><div class=\"fusion-text fusion-text-1\"><p>En cumplimiento del art\u00edculo 10 de la Ley 34\/2002, de 11 de julio, de Servicios de la Sociedad de la Informaci\u00f3n y del Comercio Electr\u00f3nico (LSSICE), Envasados Torner, S.A. (en adelante, \u201cEnvasados Torner\u201d), Responsable de esta web, pone a disposici\u00f3n de los Usuarios la presente informaci\u00f3n, para definir sus Condiciones de Uso.<\/p>\n<p>Adicionalmente a los contenidos aqu\u00ed expuestos, los aspectos espec\u00edficos relacionados con la protecci\u00f3n de los datos personales y la privacidad de los usuarios de esta web se desarrollan en las p\u00e1ginas de Pol\u00edtica de Privacidad y Pol\u00edtica de Cookies.<\/p>\n<p><strong>Identidad del Responsable del Tratamiento<\/strong><br \/>\n\u2022 Denominaci\u00f3n Social: ENVASADOS TORNER, S.A.<br \/>\n\u2022 Nombre Comercial: Envasados Torner<br \/>\n\u2022 CIF: A08999518<br \/>\n\u2022 Inscrita en el Registro Mercantil de Barcelona: Tomo 6044, Libro 5337, Folio 125, Secci\u00f3n 2\u00aa, Hoja 71304<br \/>\n\u2022 Domicilio Social: C\/ Cobalto, 40 \u2013 08940 &#8211; Cornell\u00e0 de Llobregat (Barcelona)<br \/>\n\u2022 Actividad: Servicios de envasado<br \/>\n\u2022 Tel\u00e9fono: 934801690<br \/>\n\u2022 eMail: info@envasadostorner.com<br \/>\n\u2022 Nombre de Dominio: https:\/\/envasadostorner.com\/<\/p>\n<p><strong>Finalidad de la Web<\/strong><br \/>\nLa web de \u201cEnvasados Torner\u201d tiene la finalidad de informar a clientes y potenciales clientes de sus productos y\/o servicios, datos de contacto, ubicaci\u00f3n, etc. Adem\u00e1s, en su caso, tambi\u00e9n tendr\u00e1 la finalidad de divulgar informaci\u00f3n relacionada con el sector de actividad del Responsable.<\/p>\n<p><strong>Marco Normativo<\/strong><br \/>\nLa actividad de esta web se encuentra sujeta al marco legal espa\u00f1ol y europeo, concretamente a las siguientes normas:<br \/>\n\u2022 Reglamento General de Protecci\u00f3n de Datos (RGPD) (UE) 2016\/679, de 27 de abril, que regula el tratamiento de datos personales en los pa\u00edses de la Uni\u00f3n Europea.<br \/>\n\u2022 Ley Org\u00e1nica 3\/2018, de 5 de diciembre, sobre Protecci\u00f3n de Datos Personales y Garant\u00eda de los Derechos Digitales (LOPD y GDD), norma de \u00e1mbito regional (aplicable a Espa\u00f1a), y que define y ampl\u00eda muchos de los conceptos y derechos presentes en el RGPD.<br \/>\n\u2022 Ley 34\/2002, de 11 de julio, de Servicios de la Sociedad de la Informaci\u00f3n y del Comercio Electr\u00f3nico (LSSICE), norma que afecta a aquellas webs que, de alguna forma, realicen actividades econ\u00f3micas mediante medios electr\u00f3nicos, como es el caso de esta web.<\/p>\n<p><strong>Condiciones de Uso y Responsabilidades<\/strong><br \/>\nToda persona que acceda a este sitio web asume el papel de Usuario, comprometi\u00e9ndose a la observancia y cumplimiento riguroso de las condiciones aqu\u00ed dispuestas, as\u00ed como a cualquiera otra disposici\u00f3n legal que fuera de aplicaci\u00f3n. \u201cEnvasados Torner\u201d no se har\u00e1 responsable de los da\u00f1os y perjuicios, propios o a terceros, producidos por el uso inadecuado de este sitio web por parte del Usuario.<\/p>\n<p>El contenido de esta web, por tanto, no puede ser considerado, en ning\u00fan caso, sustitutivo de asesoramiento legal.<\/p>\n<p>\u201cEnvasados Torner\u201d se reserva el derecho a modificar cualquier tipo de informaci\u00f3n que pudiera aparecer en la web, en cualquier momento y sin previo aviso, sin que exista obligaci\u00f3n de preavisar o poner en conocimiento de los Usuarios dichas obligaciones, entendi\u00e9ndose como suficiente la publicaci\u00f3n en el presente sitio web.<\/p>\n<p>Este sitio web ha sido revisado y probado para que funcione correctamente de manera ininterrumpida. No obstante, \u201cEnvasados Torner\u201d no descarta la posibilidad de que existan ciertos errores de programaci\u00f3n, falta de disponibilidad puntual (por ejemplo, ca\u00eddas del servidor, o mantenimiento del mismo) o que acontezcan causas de fuerza mayor, cat\u00e1strofes naturales, huelgas, o circunstancias semejantes que hagan imposible el acceso temporal a la p\u00e1gina web. De igual forma, \u201cEnvasados Torner\u201d no puede garantizar el funcionamiento ininterrumpido o totalmente libre de errores de esta web, ni se responsabiliza de los virus que tengan su origen en una transmisi\u00f3n telem\u00e1tica infiltrados por terceros generados con la finalidad de obtener resultados negativos para un sistema inform\u00e1tico.<\/p>\n<p>El Usuario se compromete a no utilizar esta web ni, si es el caso, los servicios o productos ofrecidos en la misma, para la realizaci\u00f3n de actividades contrarias a la ley, al orden p\u00fablico o a estas condiciones de uso. Por tanto, \u201cEnvasados Torner\u201d no se hace responsable de la informaci\u00f3n y contenidos almacenados, a t\u00edtulo enunciativo, pero no limitativo, en foros, chat\u00b4s, generadores de blogs, comentarios, redes sociales o cualquier otro medio que permita a terceros publicar contenidos. No obstante, y en cumplimiento de lo dispuesto en el art. 11 y 16 de la LSSI-CE, \u201cEnvasados Torner\u201d se pone a disposici\u00f3n de todos los Usuarios, autoridades y fuerzas de seguridad, colaborando de forma activa en la retirada o en su caso bloqueo de todos aquellos contenidos que pudieran afectar o contravenir la legislaci\u00f3n nacional, o internacional, derechos de terceros, o la moral y el orden p\u00fablico. En caso de que un Usuario considere que existe en la web alg\u00fan contenido que pudiera ser susceptible de esta clasificaci\u00f3n, se ruega lo notifique de forma inmediata a nuestro personal.<\/p>\n<p>\u201cEnvasados Torner\u201d se reserva el derecho a denegar o retirar el acceso a la web sin necesidad de advertencia previa, a instancia propia o de un tercero, a aquellos Usuarios que incumplan nuestras Condiciones de Uso.<\/p>\n<p><strong>Propiedad Intelectual<\/strong><br \/>\nEl sitio web, incluyendo a t\u00edtulo enunciativo, pero no limitativo su programaci\u00f3n, edici\u00f3n, compilaci\u00f3n y dem\u00e1s elementos necesarios para su funcionamiento, los dise\u00f1os, logotipos, texto y\/o gr\u00e1ficos son propiedad de \u201cEnvasados Torner\u201d o, en su caso, dispone de licencia o autorizaci\u00f3n expresa por parte de los autores. <\/p>\n<p>Todos los contenidos del sitio web se encuentran debidamente protegidos por la normativa de propiedad intelectual e industrial, as\u00ed como inscritos en los registros p\u00fablicos correspondientes, y no se permite la reproducci\u00f3n y\/o publicaci\u00f3n, total o parcial, del sitio web, ni su tratamiento inform\u00e1tico, su distribuci\u00f3n, difusi\u00f3n, modificaci\u00f3n o transformaci\u00f3n, sin el permiso previo y por escrito del mismo. \u201cEnvasados Torner\u201d velar\u00e1 por el cumplimiento de las anteriores condiciones, as\u00ed como por la debida utilizaci\u00f3n de los contenidos presentados en sus p\u00e1ginas web, ejercitando todas las acciones civiles y penales que le correspondan en el caso de infracci\u00f3n o incumplimiento de estos derechos por parte del Usuario.<\/p>\n<p>Los dise\u00f1os, logotipos, texto y\/o gr\u00e1ficos ajenos a \u201cEnvasados Torner\u201d y que pudieran aparecer en el sitio web, pertenecen a sus respectivos propietarios, siendo ellos mismos responsables de cualquier posible controversia que pudiera suscitarse respecto a los mismos. En todo caso, \u201cEnvasados Torner\u201d cuenta con la autorizaci\u00f3n expresa y previa por parte de los mismos. \u201cEnvasados Torner\u201d reconoce a favor de sus titulares los correspondientes derechos de propiedad industrial e intelectual, no implicando su sola menci\u00f3n o aparici\u00f3n en el sitio web la existencia de derechos o responsabilidad alguna del Responsable sobre los mismos, como tampoco respaldo, patrocinio o recomendaci\u00f3n por parte del mismo.<\/p>\n<p><strong>Enlaces de terceros<\/strong><br \/>\n\u201cEnvasados Torner\u201d puede poner a disposici\u00f3n del Usuario enlaces u otros elementos que permiten el acceso hacia otros sitios web pertenecientes a terceros. No comercializamos los productos y\/o servicios de dichas p\u00e1ginas enlazadas, ni asumimos ning\u00fan tipo de responsabilidad sobre las mismas, ni sobre la informaci\u00f3n contenida en ellas, ni su veracidad o licitud,\u00a0ni de cualesquiera efectos que pudieran derivarse.<\/p>\n<p>En todo caso, \u201cEnvasados Torner\u201d manifiesta que proceder\u00e1 a la retirada inmediata de cualquier contenido que pudiera contravenir la legislaci\u00f3n nacional o internacional, la moral o el orden p\u00fablico, procediendo a la retirada inmediata de la redirecci\u00f3n a dicho sitio web, poniendo en conocimiento de las autoridades competentes el contenido en cuesti\u00f3n.<\/p>\n<p><strong>Ley Aplicable y Jurisdicci\u00f3n<\/strong><br \/>\nEl idioma de redacci\u00f3n e interpretaci\u00f3n de este aviso legal es el espa\u00f1ol.<\/p>\n<p>La relaci\u00f3n entre \u201cEnvasados Torner\u201d y Usuario se rige en todos y cada uno de sus extremos por la ley espa\u00f1ola, a la que se someten expresamente ambas partes ante cualquier controversia o cuesti\u00f3n relacionada con el presente sitio web o las actividades en \u00e9l desarrolladas. <\/p>\n<p>Por su parte, en el caso de que el usuario tenga su domicilio fuera de Espa\u00f1a, \u201cEnvasados Torner\u201d y Usuario se someten, con renuncia expresa a cualquier otro fuero, a los Juzgados y Tribunales competentes de Espa\u00f1a.<\/p>\n<p><strong>M\u00c1S INFORMACI\u00d3N<\/strong><\/p>\n<ul>\n<li><a href=\"https:\/\/envasadostorner.com\/en\/politica-de-privacidad\/\">Pol\u00edtica de privacidad<\/a><\/li>\n<li><a href=\"https:\/\/envasadostorner.com\/en\/cookies\/\">Cookies<\/a><\/li>\n<\/ul>\n<\/div><\/div><\/div><\/div><\/div>\n","protected":false},"excerpt":{"rendered":"","protected":false},"author":1,"featured_media":0,"parent":0,"menu_order":0,"comment_status":"closed","ping_status":"closed","template":"100-width.php","meta":{"footnotes":""},"class_list":["post-2709","page","type-page","status-publish","hentry"],"yoast_head":"<!-- This site is optimized with the Yoast SEO plugin v27.4 - https:\/\/yoast.com\/product\/yoast-seo-wordpress\/ -->\n<title>Legal Notice \u2013 Envasados Torner | Packaging Services<\/title>\n<meta name=\"description\" content=\"Read the legal notice of Envasados Torner, detailing website terms, user responsibilities, and intellectual property rights.\" \/>\n<meta name=\"robots\" content=\"index, follow, max-snippet:-1, max-image-preview:large, max-video-preview:-1\" \/>\n<link rel=\"canonical\" href=\"https:\/\/envasadostorner.com\/en\/aviso-legal-en\/\" \/>\n<meta property=\"og:locale\" content=\"en_US\" \/>\n<meta property=\"og:type\" content=\"article\" \/>\n<meta property=\"og:title\" content=\"Legal Notice \u2013 Envasados Torner | Packaging Services\" \/>\n<meta property=\"og:description\" content=\"Read the legal notice of Envasados Torner, detailing website terms, user responsibilities, and intellectual property rights.\" \/>\n<meta property=\"og:url\" content=\"https:\/\/envasadostorner.com\/en\/aviso-legal-en\/\" \/>\n<meta property=\"og:site_name\" content=\"Envasado y manipulado a terceros - Envasados Torner\" \/>\n<meta property=\"article:modified_time\" content=\"2025-12-10T16:03:48+00:00\" \/>\n<meta name=\"twitter:card\" content=\"summary_large_image\" \/>\n<meta name=\"twitter:label1\" content=\"Est. reading time\" \/>\n\t<meta name=\"twitter:data1\" content=\"6 minutes\" \/>\n<script type=\"application\/ld+json\" class=\"yoast-schema-graph\">{\"@context\":\"https:\\\/\\\/schema.org\",\"@graph\":[{\"@type\":\"WebPage\",\"@id\":\"https:\\\/\\\/envasadostorner.com\\\/en\\\/aviso-legal-en\\\/\",\"url\":\"https:\\\/\\\/envasadostorner.com\\\/en\\\/aviso-legal-en\\\/\",\"name\":\"Legal Notice \u2013 Envasados Torner | Packaging Services\",\"isPartOf\":{\"@id\":\"https:\\\/\\\/envasadostorner.com\\\/en\\\/#website\"},\"datePublished\":\"2024-10-10T14:35:40+00:00\",\"dateModified\":\"2025-12-10T16:03:48+00:00\",\"description\":\"Read the legal notice of Envasados Torner, detailing website terms, user responsibilities, and intellectual property rights.\",\"breadcrumb\":{\"@id\":\"https:\\\/\\\/envasadostorner.com\\\/en\\\/aviso-legal-en\\\/#breadcrumb\"},\"inLanguage\":\"en-US\",\"potentialAction\":[{\"@type\":\"ReadAction\",\"target\":[\"https:\\\/\\\/envasadostorner.com\\\/en\\\/aviso-legal-en\\\/\"]}]},{\"@type\":\"BreadcrumbList\",\"@id\":\"https:\\\/\\\/envasadostorner.com\\\/en\\\/aviso-legal-en\\\/#breadcrumb\",\"itemListElement\":[{\"@type\":\"ListItem\",\"position\":1,\"name\":\"Inicio\",\"item\":\"https:\\\/\\\/envasadostorner.com\\\/en\\\/\"},{\"@type\":\"ListItem\",\"position\":2,\"name\":\"Legal notice\"}]},{\"@type\":\"WebSite\",\"@id\":\"https:\\\/\\\/envasadostorner.com\\\/en\\\/#website\",\"url\":\"https:\\\/\\\/envasadostorner.com\\\/en\\\/\",\"name\":\"Envasado y manipulado a terceros - Envasados Torner\",\"description\":\"\",\"potentialAction\":[{\"@type\":\"SearchAction\",\"target\":{\"@type\":\"EntryPoint\",\"urlTemplate\":\"https:\\\/\\\/envasadostorner.com\\\/en\\\/?s={search_term_string}\"},\"query-input\":{\"@type\":\"PropertyValueSpecification\",\"valueRequired\":true,\"valueName\":\"search_term_string\"}}],\"inLanguage\":\"en-US\"}]}<\/script>\n<!-- \/ Yoast SEO plugin. -->","yoast_head_json":{"title":"Legal Notice \u2013 Envasados Torner | Packaging Services","description":"Read the legal notice of Envasados Torner, detailing website terms, user responsibilities, and intellectual property rights.","robots":{"index":"index","follow":"follow","max-snippet":"max-snippet:-1","max-image-preview":"max-image-preview:large","max-video-preview":"max-video-preview:-1"},"canonical":"https:\/\/envasadostorner.com\/en\/aviso-legal-en\/","og_locale":"en_US","og_type":"article","og_title":"Legal Notice \u2013 Envasados Torner | Packaging Services","og_description":"Read the legal notice of Envasados Torner, detailing website terms, user responsibilities, and intellectual property rights.","og_url":"https:\/\/envasadostorner.com\/en\/aviso-legal-en\/","og_site_name":"Envasado y manipulado a terceros - Envasados Torner","article_modified_time":"2025-12-10T16:03:48+00:00","twitter_card":"summary_large_image","twitter_misc":{"Est. reading time":"6 minutes"},"schema":{"@context":"https:\/\/schema.org","@graph":[{"@type":"WebPage","@id":"https:\/\/envasadostorner.com\/en\/aviso-legal-en\/","url":"https:\/\/envasadostorner.com\/en\/aviso-legal-en\/","name":"Legal Notice \u2013 Envasados Torner | Packaging Services","isPartOf":{"@id":"https:\/\/envasadostorner.com\/en\/#website"},"datePublished":"2024-10-10T14:35:40+00:00","dateModified":"2025-12-10T16:03:48+00:00","description":"Read the legal notice of Envasados Torner, detailing website terms, user responsibilities, and intellectual property rights.","breadcrumb":{"@id":"https:\/\/envasadostorner.com\/en\/aviso-legal-en\/#breadcrumb"},"inLanguage":"en-US","potentialAction":[{"@type":"ReadAction","target":["https:\/\/envasadostorner.com\/en\/aviso-legal-en\/"]}]},{"@type":"BreadcrumbList","@id":"https:\/\/envasadostorner.com\/en\/aviso-legal-en\/#breadcrumb","itemListElement":[{"@type":"ListItem","position":1,"name":"Inicio","item":"https:\/\/envasadostorner.com\/en\/"},{"@type":"ListItem","position":2,"name":"Legal notice"}]},{"@type":"WebSite","@id":"https:\/\/envasadostorner.com\/en\/#website","url":"https:\/\/envasadostorner.com\/en\/","name":"Envasado y manipulado a terceros - Envasados Torner","description":"","potentialAction":[{"@type":"SearchAction","target":{"@type":"EntryPoint","urlTemplate":"https:\/\/envasadostorner.com\/en\/?s={search_term_string}"},"query-input":{"@type":"PropertyValueSpecification","valueRequired":true,"valueName":"search_term_string"}}],"inLanguage":"en-US"}]}},"_links":{"self":[{"href":"https:\/\/envasadostorner.com\/en\/wp-json\/wp\/v2\/pages\/2709","targetHints":{"allow":["GET"]}}],"collection":[{"href":"https:\/\/envasadostorner.com\/en\/wp-json\/wp\/v2\/pages"}],"about":[{"href":"https:\/\/envasadostorner.com\/en\/wp-json\/wp\/v2\/types\/page"}],"author":[{"embeddable":true,"href":"https:\/\/envasadostorner.com\/en\/wp-json\/wp\/v2\/users\/1"}],"replies":[{"embeddable":true,"href":"https:\/\/envasadostorner.com\/en\/wp-json\/wp\/v2\/comments?post=2709"}],"version-history":[{"count":4,"href":"https:\/\/envasadostorner.com\/en\/wp-json\/wp\/v2\/pages\/2709\/revisions"}],"predecessor-version":[{"id":4830,"href":"https:\/\/envasadostorner.com\/en\/wp-json\/wp\/v2\/pages\/2709\/revisions\/4830"}],"wp:attachment":[{"href":"https:\/\/envasadostorner.com\/en\/wp-json\/wp\/v2\/media?parent=2709"}],"curies":[{"name":"wp","href":"https:\/\/api.w.org\/{rel}","templated":true}]}}