{"id":3614,"date":"2024-10-10T16:38:17","date_gmt":"2024-10-10T14:38:17","guid":{"rendered":"https:\/\/envasadostorner.com\/?page_id=3614"},"modified":"2025-12-10T17:35:42","modified_gmt":"2025-12-10T16:35:42","slug":"cookies","status":"publish","type":"page","link":"https:\/\/envasadostorner.com\/ca\/cookies\/","title":{"rendered":"Cookies"},"content":{"rendered":"<div class=\"fusion-fullwidth fullwidth-box fusion-builder-row-1 fusion-flex-container has-pattern-background has-mask-background nonhundred-percent-fullwidth non-hundred-percent-height-scrolling\" style=\"--awb-border-radius-top-left:0px;--awb-border-radius-top-right:0px;--awb-border-radius-bottom-right:0px;--awb-border-radius-bottom-left:0px;--awb-margin-top:60px;--awb-flex-wrap:wrap;\" ><div class=\"fusion-builder-row fusion-row fusion-flex-align-items-flex-start fusion-flex-content-wrap\" style=\"max-width:1508px;margin-left: calc(-4% \/ 2 );margin-right: calc(-4% \/ 2 );\"><div class=\"fusion-layout-column fusion_builder_column fusion-builder-column-0 fusion_builder_column_1_1 1_1 fusion-flex-column\" style=\"--awb-bg-size:cover;--awb-width-large:100%;--awb-margin-top-large:0px;--awb-spacing-right-large:1.92%;--awb-margin-bottom-large:20px;--awb-spacing-left-large:1.92%;--awb-width-medium:100%;--awb-order-medium:0;--awb-spacing-right-medium:1.92%;--awb-spacing-left-medium:1.92%;--awb-width-small:100%;--awb-order-small:0;--awb-spacing-right-small:1.92%;--awb-spacing-left-small:1.92%;\"><div class=\"fusion-column-wrapper fusion-column-has-shadow fusion-flex-justify-content-flex-start fusion-content-layout-column\"><div class=\"fusion-text fusion-text-1\" style=\"--awb-content-alignment:justify;\"><p>En cumplimiento de la Ley 34\/2002, de 11 de julio, de Servicios de la Sociedad de la Informaci\u00f3n y Comercio Electr\u00f3nico informamos al Usuario de la utilizaci\u00f3n de cookies en la web de \u201cEnvasados Torner\u201d.<br \/>\nLas cookies permiten, entre otras cosas, recopilar informaci\u00f3n estad\u00edstica, facilitar ciertas funcionalidades t\u00e9cnicas, almacenar y recuperar informaci\u00f3n sobre los h\u00e1bitos de navegaci\u00f3n o preferencias de un Usuario o de su equipo y, dependiendo de la informaci\u00f3n que contengan y de la forma en que utilice su equipo, pueden utilizarse para reconocer al Usuario, recordar aspectos del Usuario como su idioma, pa\u00eds, navegador, etc. En caso de no querer recibir cookies, el Usuario podr\u00e1 configurar su navegador para que las borre del disco duro de su ordenador, las bloquee o le avise en su caso de instalaci\u00f3n de las mismas.<\/p>\n<p>Nuestro sitio web utiliza cookies y otras tecnolog\u00edas relacionadas (para mayor comodidad, todas las tecnolog\u00edas se denominan \u201ccookies\u201d). Las cookies tambi\u00e9n son colocadas por terceros a los que hemos contratado. En el siguiente documento te informamos sobre el uso de cookies en nuestra web.<\/p>\n<p><strong>\u00bfQu\u00e9 son las cookies, los scripts o las balizas web?<\/strong><br \/>\nUna cookie es un peque\u00f1o archivo simple que se env\u00eda junto con las p\u00e1ginas de esta web y que el navegador del usuario almacena en el disco duro de su ordenador o de otro dispositivo (smartphone, tablet, televisi\u00f3n conectada\u2026). La informaci\u00f3n almacenada puede ser devuelta a nuestros servidores o a los servidores de terceros relevantes durante una visita posterior.<\/p>\n<p>Un script es un fragmento de c\u00f3digo de programa que se utiliza para hacer que nuestra web funcione correctamente y de forma interactiva. Este c\u00f3digo se ejecuta en nuestro servidor o en el dispositivo del usuario.<\/p>\n<p>Una baliza web (o una etiqueta de p\u00edxel) es una peque\u00f1a e invisible pieza de texto o imagen en una web que se utiliza para hacer seguimiento del tr\u00e1fico en una web.<\/p>\n<p><strong>Seg\u00fan la entidad que las gestione, las cookies pueden ser:<\/strong><\/p>\n<p>\u25e6 Propias<br \/>\nLas cookies propias son archivos enviados desde nuestros servidores o dominios directamente al dispositivo del usuario. Son originadas y gestionadas por nosotros, y su uso contribuye al correcto funcionamiento y personalizaci\u00f3n de la experiencia del usuario.<\/p>\n<p>\u25e6 De terceros<br \/>\nEl Sitio Web puede utilizar cookies instaladas por terceros para realizar un an\u00e1lisis estad\u00edstico sobre la navegaci\u00f3n de los usuarios o mostrar contenido publicitario personalizado. Es importante tener en cuenta que, en caso de aceptar las cookies de terceros, ser\u00e1 responsabilidad del usuario eliminarlas desde las opciones del navegador o mediante el sistema proporcionado por el propio tercero.<\/p>\n<p>Tanto esta Web como sus representantes legales no se hacen responsables ni del contenido ni de la veracidad de las pol\u00edticas de privacidad que puedan tener los terceros mencionados en esta pol\u00edtica de cookies. Los navegadores web son las herramientas encargadas de almacenar las cookies, y desde este lugar, los usuarios deben ejercitar su derecho a la eliminaci\u00f3n o desactivaci\u00f3n de las mismas. Ni esta Web ni sus representantes legales pueden garantizar la correcta o incorrecta manipulaci\u00f3n de las cookies por parte de dichos navegadores.<\/p>\n<p><strong>Seg\u00fan su caducidad, las cookies pueden ser:<\/strong><br \/>\n\u25e6 Cookies de Sesi\u00f3n<br \/>\nCookies temporales, permanecen en el archivo de cookies del navegador solo durante la sesi\u00f3n en nuestra web y no se almacenan en el dispositivo despu\u00e9s de cerrar la sesi\u00f3n o el navegador.<\/p>\n<p>\u25e6 Cookies Persistentes<br \/>\nAlmacenan informaci\u00f3n en el dispositivo y permanecen despu\u00e9s de cerrar la sesi\u00f3n o el navegador. Se utilizan para recordar informaci\u00f3n y configuraciones entre visitas, proporcionando una experiencia personalizada a lo largo del tiempo.<\/p>\n<p><strong>Seg\u00fan su finalidad, las cookies pueden ser:<\/strong><\/p>\n<p>\u25e6 Cookies t\u00e9cnicas o funcionales<br \/>\nAlgunas cookies aseguran que ciertas partes de la web funcionen correctamente y que las preferencias de usuario puedan recordarse. Al colocar cookies funcionales, facilitamos la visita y uso de nuestra web. De esta manera, no es necesario introducir repetidamente la misma informaci\u00f3n cuando se visita nuestra web y, por ejemplo, los art\u00edculos permanecen en la cesta de la compra hasta que el usuario finalice la compra. La normativa nos permite colocar estas cookies sin tu consentimiento.<\/p>\n<p>\u25e6 Cookies anal\u00edticas<br \/>\nEstas cookies se utilizan para optimizar la experiencia en el sitio web. Estas cookies permiten el seguimiento y an\u00e1lisis del comportamiento de los usuarios de los sitios web. Para su inserci\u00f3n, es necesario el consentimiento del usuario. Esta informaci\u00f3n es valiosa para mejorar y ajustar contenido y dise\u00f1o, asegurando una experiencia m\u00e1s eficiente y personalizada.<\/p>\n<p>\u25e6 Cookies de publicidad o marketing<br \/>\nAlmacenan informaci\u00f3n del comportamiento de los usuarios obtenida a trav\u00e9s de la observaci\u00f3n continuada de sus h\u00e1bitos de navegaci\u00f3n, lo que permite desarrollar un perfil espec\u00edfico para mostrar publicidad en funci\u00f3n del mismo. Tanto nosotros como terceros recopilamos informaci\u00f3n sobre los resultados de la campa\u00f1a bas\u00e1ndonos en un perfil creado a partir de los clics y la navegaci\u00f3n del usuario. Con estas cookies el usuario, como visitante de la web, est\u00e1 vinculado a un ID \u00fanico. Es necesario el consentimiento del usuario para insertar estas cookies.<\/p>\n<p>\u25e6 Botones de medios sociales<br \/>\nSon botones que se utilizan para promocionar p\u00e1ginas (p. ej. \u00abme gusta\u00bb, \u00abpin\u00bb) o compartirlas (p. ej. \u00abtuitear\u00bb) en redes sociales como Facebook. Estos botones funcionan usando c\u00f3digo de estas RRSS; este c\u00f3digo incrusta cookies. Estos botones de redes sociales pueden almacenar y procesar cierta informaci\u00f3n, de esta manera puede ser mostrado un anuncio personalizado.<br \/>\nAl clicar en esos botones, aceptas el uso de cookies por dichas redes sociales, cuya relaci\u00f3n ser\u00e1 exclusivamente regulada por la pol\u00edtica de privacidad de las respectivas entidades. Por favor lee la pol\u00edtica de privacidad de estas redes sociales (que puede cambiar frecuentemente) para saber qu\u00e9 hacen con tus datos (personales) que procesan usando estas cookies.<\/p>\n<\/div>\n<div class=\"table-1\">\n<table width=\"100%\">\n<thead>\n<tr>\n<th>FINALIDAD<\/th>\n<th colspan=\"3\">T\u00c9CNICAS<\/th>\n<\/tr>\n<tr>\n<th>NOMBRE DE LA COOKIE<\/th>\n<th>DESCRIPCI\u00d3N\/FINALIDAD<\/th>\n<th>GESTI\u00d3N<\/th>\n<th>CADUCIDAD<\/th>\n<\/tr>\n<\/thead>\n<tbody>\n<tr>\n<td>cmplz_banner-status<br \/>\ncmplz_consented_services<br \/>\ncmplz_functional<br \/>\ncmplz_marketing<br \/>\ncmplz_policy_id<br \/>\ncmplz_preferences<br \/>\ncmplz_statistics<\/td>\n<td>Estas cookies est\u00e1n configuradas por el complemento de consentimiento de cookies. Las cookies se utilizan para almacenar el consentimiento del usuario para cada categor\u00eda.<\/td>\n<td>Propia<\/td>\n<td>1 a\u00f1o<\/td>\n<\/tr>\n<tr>\n<td>qs_anltcs<\/td>\n<td>Esta cookie es usada por el lenguaje de encriptado PHP para permitir que las variables de SESI\u00d3N sean guardadas en el servidor web. Esta cookie es esencial para el funcionamiento de la web<\/td>\n<td>Propia<\/td>\n<td>3 d\u00edas<\/td>\n<\/tr>\n<tr>\n<td>wp-wpml_current_language<\/td>\n<td>Cookie que gestiona y guarda el idioma en el que se muestra la web al visitante.<\/td>\n<td>Propia<\/td>\n<td>De Sesi\u00f3n<\/td>\n<\/tr>\n<\/tbody>\n<\/table>\n<\/div>\n\n<div class=\"table-1\" style=\"--awb-margin-top:50px;\">\n<table width=\"100%\">\n<thead>\n<tr>\n<th>FINALIDAD<\/th>\n<th colspan=\"3\">ANAL\u00cdTICAS<\/th>\n<\/tr>\n<tr>\n<th>NOMBRE DE LA COOKIE<\/th>\n<th>DESCRIPCI\u00d3N\/FINALIDAD<\/th>\n<th>GESTI\u00d3N<\/th>\n<th>CADUCIDAD<\/th>\n<\/tr>\n<\/thead>\n<tbody>\n<tr>\n<td>_ga<\/td>\n<td>Cookies de Google Analytics. Informes estad\u00edsticos sobre c\u00f3mo los usuarios encuentran la p\u00e1gina web y c\u00f3mo la utilizan: p\u00e1ginas visitadas, tiempo de estancia, tipo de navegador&#8230;<br \/>\nSe usan para distinguir a los usuarios.<br \/>\nM\u00e1s informaci\u00f3n<\/td>\n<td>De terceros<\/td>\n<td>2 a\u00f1os<\/td>\n<\/tr>\n<\/tbody>\n<\/table>\n<\/div>\n<div class=\"fusion-text fusion-text-2\" style=\"--awb-margin-top:30px;\"><p><strong>En esta web tambi\u00e9n utilizan otras cookies de nuestros socios<\/strong><\/p>\n<p>El sitio web puede hacer uso de cookies instaladas por terceros con el fin de realizar un an\u00e1lisis estad\u00edstico sobre la navegaci\u00f3n de los usuarios o mostrar contenido publicitario personalizado, que no ha sido identificado previamente en el cuadro anterior. A continuaci\u00f3n, te proporcionamos un listado de nuestros socios:<\/p>\n<p>\u2022 <a href=\"https:\/\/policies.google.com\/?hl=es\">Google<\/a><\/p>\n<p>Te recomendamos revisar las pol\u00edticas de privacidad de estos socios para obtener informaci\u00f3n detallada sobre c\u00f3mo utilizas las cookies.<\/p>\n<p><strong>Consentimiento y configuraci\u00f3n de cookies<\/strong><\/p>\n<p>Cuando visites nuestra web por primera vez, te mostraremos una ventana emergente con una explicaci\u00f3n sobre las cookies (\u201cprimera capa\u201d). Tan pronto como hagas clic en el bot\u00f3n de aceptaci\u00f3n, aceptas que usemos las categor\u00edas de cookies y plugins que has seleccionado en la ventana emergente, tal y como se describe en esta pol\u00edtica de cookies. Puedes desactivar el uso de cookies a trav\u00e9s de tu navegador, en el banner de gesti\u00f3n de cookies de nuestro sitio web.<\/p>\n<p><strong>Tus derechos con respecto a los datos personales<\/strong><\/p>\n<p>Visita nuestra pol\u00edtica de privacidad para conocer tus derechos con respecto al tratamiento de datos personales, y c\u00f3mo ejercerlos.<\/p>\n<p><strong>Activaci\u00f3n, desactivaci\u00f3n y eliminaci\u00f3n de cookies<\/strong><\/p>\n<p>Puedes utilizar tu navegador de Internet para eliminar las cookies de forma autom\u00e1tica o manual. Tambi\u00e9n puedes especificar que ciertas cookies no pueden ser colocadas. Otra opci\u00f3n es cambiar los ajustes de tu navegador de Internet para que recibas un mensaje cada vez que se coloca una cookie. Para obtener m\u00e1s informaci\u00f3n sobre estas opciones, consulta las instrucciones de la secci\u00f3n de \u00abAyuda\u00bb de tu navegador.<\/p>\n<p>Ten en cuenta que nuestra web puede no funcionar correctamente si todas las cookies est\u00e1n desactivadas. Si borras las cookies de tu navegador, se volver\u00e1n a colocar despu\u00e9s de tu consentimiento cuando vuelvas a visitar nuestras webs.<\/p>\n<\/div><\/div><\/div><\/div><\/div>\n","protected":false},"excerpt":{"rendered":"","protected":false},"author":1,"featured_media":0,"parent":0,"menu_order":0,"comment_status":"closed","ping_status":"closed","template":"100-width.php","meta":{"footnotes":""},"class_list":["post-3614","page","type-page","status-publish","hentry"],"yoast_head":"<!-- This site is optimized with the Yoast SEO plugin v27.4 - https:\/\/yoast.com\/product\/yoast-seo-wordpress\/ -->\n<title>Cookies Envasados Torner - Envasament i manipulaci\u00f3 a tercers<\/title>\n<meta name=\"description\" content=\"Informaci\u00f3 d&#039;av\u00eds legal en la web d&#039;Envasados Torner, empresa d&#039;envasament i manipulat a tercers.\" \/>\n<meta name=\"robots\" content=\"index, follow, max-snippet:-1, max-image-preview:large, max-video-preview:-1\" \/>\n<link rel=\"canonical\" href=\"https:\/\/envasadostorner.com\/ca\/cookies\/\" \/>\n<meta property=\"og:locale\" content=\"ca_ES\" \/>\n<meta property=\"og:type\" content=\"article\" \/>\n<meta property=\"og:title\" content=\"Cookies Envasados Torner - Envasament i manipulaci\u00f3 a tercers\" \/>\n<meta property=\"og:description\" content=\"Informaci\u00f3 d&#039;av\u00eds legal en la web d&#039;Envasados Torner, empresa d&#039;envasament i manipulat a tercers.\" \/>\n<meta property=\"og:url\" content=\"https:\/\/envasadostorner.com\/ca\/cookies\/\" \/>\n<meta property=\"og:site_name\" content=\"Envasado y manipulado a terceros - Envasados Torner\" \/>\n<meta property=\"article:modified_time\" content=\"2025-12-10T16:35:42+00:00\" \/>\n<meta name=\"twitter:card\" content=\"summary_large_image\" \/>\n<meta name=\"twitter:label1\" content=\"Temps estimat de lectura\" \/>\n\t<meta name=\"twitter:data1\" content=\"7 minuts\" \/>\n<script type=\"application\/ld+json\" class=\"yoast-schema-graph\">{\"@context\":\"https:\\\/\\\/schema.org\",\"@graph\":[{\"@type\":\"WebPage\",\"@id\":\"https:\\\/\\\/envasadostorner.com\\\/ca\\\/cookies\\\/\",\"url\":\"https:\\\/\\\/envasadostorner.com\\\/ca\\\/cookies\\\/\",\"name\":\"Cookies Envasados Torner - Envasament i manipulaci\u00f3 a tercers\",\"isPartOf\":{\"@id\":\"https:\\\/\\\/envasadostorner.com\\\/ca\\\/#website\"},\"datePublished\":\"2024-10-10T14:38:17+00:00\",\"dateModified\":\"2025-12-10T16:35:42+00:00\",\"description\":\"Informaci\u00f3 d'av\u00eds legal en la web d'Envasados Torner, empresa d'envasament i manipulat a tercers.\",\"breadcrumb\":{\"@id\":\"https:\\\/\\\/envasadostorner.com\\\/ca\\\/cookies\\\/#breadcrumb\"},\"inLanguage\":\"ca\",\"potentialAction\":[{\"@type\":\"ReadAction\",\"target\":[\"https:\\\/\\\/envasadostorner.com\\\/ca\\\/cookies\\\/\"]}]},{\"@type\":\"BreadcrumbList\",\"@id\":\"https:\\\/\\\/envasadostorner.com\\\/ca\\\/cookies\\\/#breadcrumb\",\"itemListElement\":[{\"@type\":\"ListItem\",\"position\":1,\"name\":\"Inicio\",\"item\":\"https:\\\/\\\/envasadostorner.com\\\/ca\\\/\"},{\"@type\":\"ListItem\",\"position\":2,\"name\":\"Cookies\"}]},{\"@type\":\"WebSite\",\"@id\":\"https:\\\/\\\/envasadostorner.com\\\/ca\\\/#website\",\"url\":\"https:\\\/\\\/envasadostorner.com\\\/ca\\\/\",\"name\":\"Envasado y manipulado a terceros - Envasados Torner\",\"description\":\"\",\"potentialAction\":[{\"@type\":\"SearchAction\",\"target\":{\"@type\":\"EntryPoint\",\"urlTemplate\":\"https:\\\/\\\/envasadostorner.com\\\/ca\\\/?s={search_term_string}\"},\"query-input\":{\"@type\":\"PropertyValueSpecification\",\"valueRequired\":true,\"valueName\":\"search_term_string\"}}],\"inLanguage\":\"ca\"}]}<\/script>\n<!-- \/ Yoast SEO plugin. -->","yoast_head_json":{"title":"Cookies Envasados Torner - Envasament i manipulaci\u00f3 a tercers","description":"Informaci\u00f3 d'av\u00eds legal en la web d'Envasados Torner, empresa d'envasament i manipulat a tercers.","robots":{"index":"index","follow":"follow","max-snippet":"max-snippet:-1","max-image-preview":"max-image-preview:large","max-video-preview":"max-video-preview:-1"},"canonical":"https:\/\/envasadostorner.com\/ca\/cookies\/","og_locale":"ca_ES","og_type":"article","og_title":"Cookies Envasados Torner - Envasament i manipulaci\u00f3 a tercers","og_description":"Informaci\u00f3 d'av\u00eds legal en la web d'Envasados Torner, empresa d'envasament i manipulat a tercers.","og_url":"https:\/\/envasadostorner.com\/ca\/cookies\/","og_site_name":"Envasado y manipulado a terceros - Envasados Torner","article_modified_time":"2025-12-10T16:35:42+00:00","twitter_card":"summary_large_image","twitter_misc":{"Temps estimat de lectura":"7 minuts"},"schema":{"@context":"https:\/\/schema.org","@graph":[{"@type":"WebPage","@id":"https:\/\/envasadostorner.com\/ca\/cookies\/","url":"https:\/\/envasadostorner.com\/ca\/cookies\/","name":"Cookies Envasados Torner - Envasament i manipulaci\u00f3 a tercers","isPartOf":{"@id":"https:\/\/envasadostorner.com\/ca\/#website"},"datePublished":"2024-10-10T14:38:17+00:00","dateModified":"2025-12-10T16:35:42+00:00","description":"Informaci\u00f3 d'av\u00eds legal en la web d'Envasados Torner, empresa d'envasament i manipulat a tercers.","breadcrumb":{"@id":"https:\/\/envasadostorner.com\/ca\/cookies\/#breadcrumb"},"inLanguage":"ca","potentialAction":[{"@type":"ReadAction","target":["https:\/\/envasadostorner.com\/ca\/cookies\/"]}]},{"@type":"BreadcrumbList","@id":"https:\/\/envasadostorner.com\/ca\/cookies\/#breadcrumb","itemListElement":[{"@type":"ListItem","position":1,"name":"Inicio","item":"https:\/\/envasadostorner.com\/ca\/"},{"@type":"ListItem","position":2,"name":"Cookies"}]},{"@type":"WebSite","@id":"https:\/\/envasadostorner.com\/ca\/#website","url":"https:\/\/envasadostorner.com\/ca\/","name":"Envasado y manipulado a terceros - Envasados Torner","description":"","potentialAction":[{"@type":"SearchAction","target":{"@type":"EntryPoint","urlTemplate":"https:\/\/envasadostorner.com\/ca\/?s={search_term_string}"},"query-input":{"@type":"PropertyValueSpecification","valueRequired":true,"valueName":"search_term_string"}}],"inLanguage":"ca"}]}},"_links":{"self":[{"href":"https:\/\/envasadostorner.com\/ca\/wp-json\/wp\/v2\/pages\/3614","targetHints":{"allow":["GET"]}}],"collection":[{"href":"https:\/\/envasadostorner.com\/ca\/wp-json\/wp\/v2\/pages"}],"about":[{"href":"https:\/\/envasadostorner.com\/ca\/wp-json\/wp\/v2\/types\/page"}],"author":[{"embeddable":true,"href":"https:\/\/envasadostorner.com\/ca\/wp-json\/wp\/v2\/users\/1"}],"replies":[{"embeddable":true,"href":"https:\/\/envasadostorner.com\/ca\/wp-json\/wp\/v2\/comments?post=3614"}],"version-history":[{"count":4,"href":"https:\/\/envasadostorner.com\/ca\/wp-json\/wp\/v2\/pages\/3614\/revisions"}],"predecessor-version":[{"id":4852,"href":"https:\/\/envasadostorner.com\/ca\/wp-json\/wp\/v2\/pages\/3614\/revisions\/4852"}],"wp:attachment":[{"href":"https:\/\/envasadostorner.com\/ca\/wp-json\/wp\/v2\/media?parent=3614"}],"curies":[{"name":"wp","href":"https:\/\/api.w.org\/{rel}","templated":true}]}}